{"id":40,"date":"2024-03-11T09:50:44","date_gmt":"2024-03-11T09:50:44","guid":{"rendered":"https:\/\/sweet-lamarr.85-215-155-37.plesk.page\/?page_id=40"},"modified":"2024-04-30T08:10:04","modified_gmt":"2024-04-30T08:10:04","slug":"our-services","status":"publish","type":"page","link":"https:\/\/red-door.eu\/de\/our-services\/","title":{"rendered":"Unsere Leistungen"},"content":{"rendered":"<h4 class=\"wp-block-heading has-primary-color has-text-color has-link-color wp-elements-02b54c6c063854f199f9fea9983cee02\">Wie wir helfen k\u00f6nnen<\/h4>\n\n\n\n<p>Mit unserer jahrzehntelangen Erfahrung in den Bereichen \u00dcbersetzung, Untertitelung, Voiceover und Audiomedien sind wir perfekt positioniert, Ihre Medien oder Dienstleistungen an jede Sprache, Komplexit\u00e4t oder jedes Format anzupassen, das Sie ben\u00f6tigen, um Ihr Zielpublikum anzusprechen. Kurz gefasst: Wir bieten unseren Kunden optimale Lokalisations- und Kommunikationsl\u00f6sungen.<\/p>\n\n\n\n<h3 class=\"wp-block-heading has-primary-color has-text-color has-link-color wp-elements-1f614af565c949712d016d6797898763\">Strategie<\/h3>\n\n\n\n<p>Red Door hat weitreichende Erfahrung in der Strategieberatung f\u00fcr Unternehmen in der Digital- und Medienbranche. Wir nutzen unser Fachwissen, um Ihre Inhalte oder Dienstleistungen auf dem richtigen Markt zu positionieren. Wir identifizieren Ihr ideales Publikum und passen entsprechend Sprache, Stil und Tonfall Ihrer Medien an, um ma\u00dfgeschneiderte Inhalte f\u00fcr jeden Zielmarkt zu erstellen.<\/p>\n\n\n\n<h3 class=\"wp-block-heading has-primary-color has-text-color has-link-color wp-elements-0de51dc48bd4c27eaab8a11f9da3dd44\">Lokalisierung<\/h3>\n\n\n\n<p>Unsere Kernsprachen sind Englisch und Deutsch, f\u00fcr die wir in unserem Team und Freiberuflernetzwerk mehrere bilinguale \u00dcbersetzer, Editoren und Stimmsprecher haben. Wir haben zus\u00e4tzlich Kapazit\u00e4ten, auf Anfrage Franz\u00f6sisch, Spanisch, Mandarin-Chinesisch und Japanisch anzubieten. Ob formell oder locker, faktenbetont oder emotional, wir pr\u00e4sentieren Ihre Inhalte in einem Format, das Ihre Zielgruppe anspricht.<\/p>\n\n\n\n<h3 class=\"wp-block-heading has-primary-color has-text-color has-link-color wp-elements-8b99ca2f73bc5b99ac0f2209d56f93dd\">Audio- und Videoproduktion<\/h3>\n\n\n\n<p>Wir haben alles, was Sie brauchen,  um Ihre Audio- und Videoprojekte zu realisieren: Erfahrene Stimmsprecher, Audioingenieuere, Videoproduzenten und Postproduction-Experten sowie ein Studio in Meerbusch und die Infrastruktur, auch \u00fcber gr\u00f6\u00dfere Entfernungen Audio- und Videoaufnahmen in Sendequalit\u00e4t zu produzieren. Erstklassige Qualit\u00e4t von erfahrenen Branchenexperten.<\/p>\n\n\n\n<h3 class=\"wp-block-heading has-primary-color has-text-color has-link-color wp-elements-ff619fd54cdccad6add87b38f026b3dc\">Barrierefreiheit<\/h3>\n\n\n\n<p>Wir k\u00f6nnen Ihre Inhalte so anpassen, dass sie von der Komplexit\u00e4t an Ihre Zielgruppe angepasst sind, inklusive Texte in vereinfachter Sprache, barrierefreie Dokumentformate und individuell gestaltete Formate. Wir haben jahrelange Erfahrung in der Erstellung von Untertiteln und Vertonungen in verschiedenen Sprachen, sodass wir Ihre audiovisuellen Medien allen Menschen zug\u00e4ngig machen k\u00f6nnen, unabh\u00e4ngig von Ihren F\u00e4higkeiten.<\/p>\n\n\n\n<h3 class=\"wp-block-heading has-primary-color has-text-color has-link-color wp-elements-4272972fb5420e809414d6f7f039cf88\">Fallbeispiele<\/h3>\n\n\n\n<p>Eine Auswahl der Dienste, die wir unseren Kunden geboten haben:<\/p>\n\n\n\n<ul class=\"wp-block-list\">\n<li>Sport\u00fcbersetzungen, Vertonung, Kommentar, TV-Sendungen (live und aufgenommen) und Videoproduktion in Kooperation mit unserer Schwesterfirma City Media GmbH\n<ul class=\"wp-block-list\">\n<li>Endkunden sind unter Anderem die Fu\u00dfball-Bundesliga, FC Bayern M\u00fcnchen, Borussia Dortmund, Bayer Leverkusen, DTM (Motorsport), Team Telekom (Radsport), NFL (American Football)<\/li>\n<\/ul>\n<\/li>\n\n\n\n<li>Schnelle (teils taggleiche) Erstellung von Untertiteln, Korrektur von Skripten, \u00dcbersetzungen, Vertonung, Audiomischung und Postproduktion in mehreren Sprachen f\u00fcr eine bekannte Fitnessmarke<\/li>\n\n\n\n<li>Korrekturen und \u00dcbersetzungen im medizinischen und naturwissenschaftlichen Bereich, unter Anderem Manuskripte und F\u00f6rderantr\u00e4ge f\u00fcr mehrere medizinisch-wissenschaftliche Institute<\/li>\n\n\n\n<li>Diverse Videoproduktionen f\u00fcr Werbezwecke oder Firmeninterne Zwecke<\/li>\n<\/ul>\n\n\n\n<p><a id=\"_msocom_1\"><\/a><\/p>\n\n\n\n<p><a id=\"_msocom_1\"><\/a><\/p>\n\n\n\n<p><a id=\"_msocom_2\"><\/a><\/p>","protected":false},"excerpt":{"rendered":"<p>How we can help With our decades-long expertise in translation, subtitling, voiceover and audio media, we are perfectly positioned to adapt your media or service to whatever language, complexity or format you need to address your target audience. In short, we provide optimal localisation and communication solutions to all our clients. Strategy Red Door has [&hellip;]<\/p>","protected":false},"author":1,"featured_media":0,"parent":0,"menu_order":0,"comment_status":"closed","ping_status":"closed","template":"","meta":{"footnotes":""},"class_list":["post-40","page","type-page","status-publish","hentry"],"_links":{"self":[{"href":"https:\/\/red-door.eu\/de\/wp-json\/wp\/v2\/pages\/40","targetHints":{"allow":["GET"]}}],"collection":[{"href":"https:\/\/red-door.eu\/de\/wp-json\/wp\/v2\/pages"}],"about":[{"href":"https:\/\/red-door.eu\/de\/wp-json\/wp\/v2\/types\/page"}],"author":[{"embeddable":true,"href":"https:\/\/red-door.eu\/de\/wp-json\/wp\/v2\/users\/1"}],"replies":[{"embeddable":true,"href":"https:\/\/red-door.eu\/de\/wp-json\/wp\/v2\/comments?post=40"}],"version-history":[{"count":15,"href":"https:\/\/red-door.eu\/de\/wp-json\/wp\/v2\/pages\/40\/revisions"}],"predecessor-version":[{"id":162,"href":"https:\/\/red-door.eu\/de\/wp-json\/wp\/v2\/pages\/40\/revisions\/162"}],"wp:attachment":[{"href":"https:\/\/red-door.eu\/de\/wp-json\/wp\/v2\/media?parent=40"}],"curies":[{"name":"wp","href":"https:\/\/api.w.org\/{rel}","templated":true}]}}