{"id":38,"date":"2024-03-11T09:50:28","date_gmt":"2024-03-11T09:50:28","guid":{"rendered":"https:\/\/sweet-lamarr.85-215-155-37.plesk.page\/?page_id=38"},"modified":"2024-04-30T09:23:32","modified_gmt":"2024-04-30T09:23:32","slug":"about-us","status":"publish","type":"page","link":"https:\/\/red-door.eu\/de\/about-us\/","title":{"rendered":"\u00dcber uns"},"content":{"rendered":"<h4 class=\"wp-block-heading\"><mark style=\"background-color:rgba(0, 0, 0, 0);color:#cf2e2e\" class=\"has-inline-color\">Ein Blick hinter der T\u00fcr<\/mark><\/h4>\n\n\n\n<p>Red Door Consulting entstand durch ein Management-Buy-Out der deutschen Niederlassung von Spectrum Strategy Consultants, einem weltweit f\u00fchrenden Unternehmen f\u00fcr Strategieentwicklung in der digitalen Industrie. In 2002 gr\u00fcndete ehemalige Spektrum-Direktorin Cathy Dobson Red Door als Beratungsunternehmen mit besonderem Fokus auf Telekommunikation, Breitband, neue Medien, Inhalte und Internet.<\/p>\n\n\n\n<p>Mehr als 20 Jahre und viel harte Arbeit sp\u00e4ter hat Red Door heute einen ausgezeichneten professionellen Ruf und eine nachgewiesene Erfolgsgeschichte mit vielen Blue-Chip-Unternehmen. Sie haben zus\u00e4tzlich eine \u00e4u\u00dferst gute Beziehung zu ihrem Schwesterunternehmen City Media GmbH aufgebaut, einer \u00dcbersetzungs- und Lokalisierungsagentur f\u00fcr eine breite Auswahl Kunden im Sport- und Gewerbebereich. City Media produziert unter anderem:<\/p>\n\n\n\n<p><strong><mark style=\"background-color:rgba(0, 0, 0, 0);color:#cf2e2e\" class=\"has-inline-color\">Text- und Videomaterial <\/mark><\/strong>&nbsp;Untertitelung, Voiceover, Vertonung.<\/p>\n\n\n\n<p><strong><mark style=\"background-color:rgba(0, 0, 0, 0);color:#cf2e2e\" class=\"has-inline-color\">Unterst\u00fctzung bei Live\u00fcbertragungen<\/mark><\/strong> &nbsp;Kommentatoren, Moderatoren.<\/p>\n\n\n\n<p><strong><mark style=\"background-color:rgba(0, 0, 0, 0);color:#cf2e2e\" class=\"has-inline-color\">Dienstleistungen im Bereich neue Medien <\/mark><\/strong>Moderation, Live-Tocker, YouTube-Kan\u00e4le, Socials.<\/p>\n\n\n\n<p><strong><mark style=\"background-color:rgba(0, 0, 0, 0);color:#cf2e2e\" class=\"has-inline-color\">Betriebsfilme<\/mark><\/strong><em> <\/em>Trankskripe, Voiceover.&nbsp;<\/p>\n\n\n\n<p>Seit Kurzem besch\u00e4ftigt Red Door Dr. Madeleine Hamley als Mitglied des Management-Teams. Mit 15 Jahren Erfahrung als freiberuflicher \u00dcbersetzer, Korrektor und Editor und einer Begeisterung f\u00fcr die Naturwissenschaften \u2013 die 2021 zum Abschluss eines PhD-Studiums in Biologie gef\u00fchrt hat \u2013 ist Maddy Red Doors Experte der ersten Wahl f\u00fcr Korrekturen und \u00dcbersetzungen im wissenschaftlichen, medizinischen und akademischen Raum und verantwortet die t\u00e4glichen Firmenaktivit\u00e4ten.<\/p>\n\n\n\n<p>Zus\u00e4tzlich zum gro\u00dfen Team aus erfahrenen \u00dcbersetzern, Skript-Editoren und Experten in schneller Untertitelung werden Red Doors strategische Kompetenzen d\u00fcrch erstklassige betriebliche Ressourcen unterst\u00fctzt \u2013 eine perfekte Kombination.<\/p>","protected":false},"excerpt":{"rendered":"<p>Behind the door Red Door Consulting was created via a management buy-out of the German operations of Spectrum Strategy Consultants, a world leader in developing strategy for the digital industries. In 2002, former Spectrum director Cathy Dobson launched Red Door as a consultancy firm with specialist expertise in telecoms, broadband, new media, content and the [&hellip;]<\/p>","protected":false},"author":1,"featured_media":0,"parent":0,"menu_order":0,"comment_status":"closed","ping_status":"closed","template":"","meta":{"footnotes":""},"class_list":["post-38","page","type-page","status-publish","hentry"],"_links":{"self":[{"href":"https:\/\/red-door.eu\/de\/wp-json\/wp\/v2\/pages\/38","targetHints":{"allow":["GET"]}}],"collection":[{"href":"https:\/\/red-door.eu\/de\/wp-json\/wp\/v2\/pages"}],"about":[{"href":"https:\/\/red-door.eu\/de\/wp-json\/wp\/v2\/types\/page"}],"author":[{"embeddable":true,"href":"https:\/\/red-door.eu\/de\/wp-json\/wp\/v2\/users\/1"}],"replies":[{"embeddable":true,"href":"https:\/\/red-door.eu\/de\/wp-json\/wp\/v2\/comments?post=38"}],"version-history":[{"count":11,"href":"https:\/\/red-door.eu\/de\/wp-json\/wp\/v2\/pages\/38\/revisions"}],"predecessor-version":[{"id":166,"href":"https:\/\/red-door.eu\/de\/wp-json\/wp\/v2\/pages\/38\/revisions\/166"}],"wp:attachment":[{"href":"https:\/\/red-door.eu\/de\/wp-json\/wp\/v2\/media?parent=38"}],"curies":[{"name":"wp","href":"https:\/\/api.w.org\/{rel}","templated":true}]}}